{"id":266,"date":"2018-12-08T16:11:40","date_gmt":"2018-12-08T15:11:40","guid":{"rendered":"http:\/\/bmone.cz\/?page_id=266"},"modified":"2025-07-22T09:55:44","modified_gmt":"2025-07-22T07:55:44","slug":"materialy-pro-stavbu","status":"publish","type":"page","link":"https:\/\/bmone.cz\/index.php\/casopisy\/materialy-pro-stavbu\/","title":{"rendered":"Materi\u00e1ly pro stavbu"},"content":{"rendered":"<p>[et_pb_section fb_built=&#8220;1&#8243; fullwidth=&#8220;on&#8220; admin_label=&#8220;Sekce&#8220;][et_pb_fullwidth_menu menu_id=&#8220;2&#8243; background_layout=&#8220;dark&#8220; text_orientation=&#8220;right&#8220; submenu_direction=&#8220;downwards&#8220; fullwidth_menu=&#8220;off&#8220; admin_label=&#8220;Tu\u010dn\u00e9 menu&#8220; module_id=&#8220;primaryMenu&#8220; global_module=&#8220;57&#8243; saved_tabs=&#8220;all&#8220;][\/et_pb_fullwidth_menu][\/et_pb_section][et_pb_section fb_built=&#8220;1&#8243; admin_label=&#8220;section&#8220; module_id=&#8220;contMainPage&#8220;][et_pb_row parallax_method_1=&#8220;off&#8220; admin_label=&#8220;row&#8220; module_id=&#8220;aktualityTextMD&#8220; module_class=&#8220;nadpiSekce&#8220;][et_pb_column type=&#8220;4_4&#8243; parallax=&#8220;off&#8220; parallax_method=&#8220;off&#8220;][et_pb_text admin_label=&#8220;Na\u0161e projekty&#8220;]<\/p>\n<p>Na\u0161e projekty<\/p>\n<p>[\/et_pb_text][et_pb_text disabled_on=&#8220;||on&#8220; admin_label=&#8220;Logo&#8220; module_id=&#8220;logoMDPage&#8220;]<\/p>\n<p><img decoding=\"async\" src=\"https:\/\/bmone.cz\/wp-content\/uploads\/2018\/12\/logoBMO.png\" alt=\"logo\" \/><\/p>\n<p>[\/et_pb_text][et_pb_text admin_label=&#8220;Nadpis&#8220; module_id=&#8220;aktualityTextMDInner&#8220; module_class=&#8220;nadpisSekce&#8220;]<\/p>\n<p style=\"text-align: right; font-size: 220%;\"><span style=\"color: #df1256;\">Materi\u00e1ly pro stavbu<\/span><\/p>\n<p>[\/et_pb_text][\/et_pb_column][\/et_pb_row][\/et_pb_section][et_pb_section fb_built=&#8220;1&#8243; admin_label=&#8220;Sekce&#8220; module_id=&#8220;contMDPage&#8220;][et_pb_row parallax_method_1=&#8220;off&#8220; parallax_method_2=&#8220;off&#8220; admin_label=&#8220;\u0158\u00e1dek&#8220; module_id=&#8220;innerMDPage&#8220;][et_pb_column type=&#8220;1_2&#8243; parallax=&#8220;off&#8220; parallax_method=&#8220;off&#8220;][et_pb_image src=&#8220;https:\/\/bmone.cz\/wp-content\/uploads\/2025\/07\/materialyprostavbu.jpg&#8220; admin_label=&#8220;Obr\u00e1zek&#8220; module_id=&#8220;casopisMDPage&#8220;][\/et_pb_image][\/et_pb_column][et_pb_column type=&#8220;1_2&#8243; parallax=&#8220;off&#8220; parallax_method=&#8220;off&#8220;][et_pb_text admin_label=&#8220;Text&#8220; module_id=&#8220;rightSloupecMD&#8220;]<\/p>\n<h2><span style=\"color: #000000;\">Je odborn\u00fd \u010dasopis ur\u010den\u00fd projektant\u016fm, technik\u016fm stavebn\u00edch firem, architekt\u016fm, stavebn\u00edm in\u017een\u00fdr\u016fm a v\u0161em z\u00e1jemc\u016fm o novinky v oblasti stavebnictv\u00ed.<\/span><\/h2>\n<p><span style=\"color: #000000;\">P\u0159in\u00e1\u0161\u00ed informace p\u0159edev\u0161\u00edm o stavebn\u00edch<br \/>\nmateri\u00e1lech a v\u00fdrobc\u00edch a zp\u016fsobech jejich pou\u017eit\u00ed.<\/span><\/p>\n<p><span style=\"color: #000000;\">Upozor\u0148uje na poruchy vznikl\u00e9 chybnou volbou<br \/>\ntechnologie \u010di nespr\u00e1vn\u00fdm postupem a navrhuje mo\u017enosti jejich n\u00e1pravy.<\/span><\/p>\n<p><strong><span style=\"color: #000000;\">Vych\u00e1z\u00ed: 6x za rok<\/span><\/strong><\/p>\n<div class=\"ctverce\">\n<a href=\"https:\/\/send.cz\/casopis\/1296\/materialy-pro-stavbu\"><\/p>\n<div id=\"ctverecOne\">Objednat p\u0159edplatn\u00e9<\/div>\n<p><\/a><br \/>\n<a href=\"https:\/\/www.imaterialy.cz\/\"><\/p>\n<div id=\"ctverecTwo\">P\u0159ej\u00edt na str\u00e1nky<br \/>\nwww.imaterialy.cz<\/div>\n<p><\/a>\n<\/div>\n<p>[\/et_pb_text][\/et_pb_column][\/et_pb_row][et_pb_row parallax_method_1=&#8220;off&#8220; disabled_on=&#8220;on|on|on&#8220; admin_label=&#8220;\u0158\u00e1dek&#8220; module_id=&#8220;contMDNadpis&#8220; disabled=&#8220;on&#8220;][et_pb_column type=&#8220;4_4&#8243; parallax=&#8220;off&#8220; parallax_method=&#8220;off&#8220;][et_pb_text admin_label=&#8220;Obsah \u010d\u00edsla&#8220; module_id=&#8220;nadpisObsahCislaMD&#8220;]<\/p>\n<h2 style=\"text-align: left;\">Obsah \u010d\u00edsla<\/h2>\n<p>[\/et_pb_text][\/et_pb_column][\/et_pb_row][et_pb_row parallax_method_1=&#8220;off&#8220; parallax_method_2=&#8220;off&#8220; module_id_1=&#8220;MDSloupecOne&#8220; module_id_2=&#8220;MDSloupecTwo&#8220; disabled_on=&#8220;on|on|on&#8220; admin_label=&#8220;\u0158\u00e1dek&#8220; module_id=&#8220;contMDInfo&#8220; disabled=&#8220;on&#8220;][et_pb_column type=&#8220;1_2&#8243; module_id=&#8220;MDSloupecOne&#8220; parallax=&#8220;off&#8220; parallax_method=&#8220;off&#8220;][et_pb_accordion open_toggle_background_color=&#8220;rgba(0,0,0,0)&#8220; closed_toggle_background_color=&#8220;rgba(0,0,0,0)&#8220; disabled_on=&#8220;on|on|on&#8220; admin_label=&#8220;Rozbalovac\u00ed z\u00e1lo\u017eky&#8220; module_id=&#8220;zalozkyOne&#8220; body_font_size=&#8220;10&#8243; disabled=&#8220;on&#8220;][et_pb_accordion_item title=&#8220;Ekonomika&#8220; open=&#8220;on&#8220;]<\/p>\n<p><span style=\"color: #000000;\">Za\u010d\u00edn\u00e1 boj o rekodifikaci stavebn\u00edho pr\u00e1va.<\/span><\/p>\n<p><span style=\"color: #000000;\">Servis ekonomick\u00fdch informac\u00ed. <\/span><\/p>\n<p>\u00a0<\/p>\n<p>[\/et_pb_accordion_item][et_pb_accordion_item title=&#8220;T\u00e9ma Pro podlahu&#8220; open=&#8220;off&#8220;]<\/p>\n<p><span style=\"color: #000000;\">Delamin\u00e1cia pancierov\u00fdch podl\u00e1h<\/span><\/p>\n<p>\u00a0<\/p>\n<p>[\/et_pb_accordion_item][et_pb_accordion_item title=&#8220;V\u00fdrobky, hmoty, materi\u00e1ly&#8220; open=&#8220;off&#8220;]<\/p>\n<p><span style=\"color: #000000;\">Okna z hlediska \u00faniku tepla, akustiky, prostupu sv\u011btla \u010di bezpe\u010dnosti <\/span><\/p>\n<p>[\/et_pb_accordion_item][\/et_pb_accordion][et_pb_text admin_label=&#8220;Ekonomika&#8220;]<\/p>\n<p><span style=\"font-size: 14pt; color: #000000;\"><strong>Ekonomika<\/strong><\/span><\/p>\n<p><span style=\"color: #000000; font-size: 10pt;\">Za\u010d\u00edn\u00e1 boj o rekodifikaci stavebn\u00edho pr\u00e1va.<\/span><br \/>\n<span style=\"color: #000000; font-size: 10pt;\">Servis ekonomick\u00fdch informac\u00ed. <\/span><\/p>\n<p>[\/et_pb_text][et_pb_text admin_label=&#8220;T\u00e9ma pro podlahu&#8220;]<\/p>\n<p><span style=\"font-size: 14pt;\"><strong><span style=\"color: #000000;\">T\u00e9ma pro podlahu<\/span><\/strong><\/span><\/p>\n<p><span style=\"font-size: 10pt; color: #000000;\">Delamin\u00e1cia pancierov\u00fdch podl\u00e1h<\/span><\/p>\n<p>[\/et_pb_text][et_pb_text admin_label=&#8220;V\u00fdrobky, hmoty, materi\u00e1ly&#8220;]<\/p>\n<p><span style=\"font-size: 14pt;\"><strong><span style=\"color: #000000;\">V\u00fdrobky, hmoty, materi\u00e1ly<\/span><\/strong><\/span><\/p>\n<p><span style=\"font-size: 10pt; color: #000000;\">Okna z hlediska \u00faniku tepla, akustiky, prostupu sv\u011btla \u010di bezpe\u010dnosti <\/span><\/p>\n<p>[\/et_pb_text][\/et_pb_column][et_pb_column type=&#8220;1_2&#8243; module_id=&#8220;MDSloupecTwo&#8220; parallax=&#8220;off&#8220; parallax_method=&#8220;off&#8220;][et_pb_accordion open_toggle_background_color=&#8220;rgba(0,0,0,0)&#8220; closed_toggle_background_color=&#8220;rgba(0,0,0,0)&#8220; disabled_on=&#8220;on|on|on&#8220; admin_label=&#8220;Rozbalovac\u00ed z\u00e1lo\u017eky&#8220; module_id=&#8220;zalozkyTwo&#8220; body_font_size=&#8220;10&#8243; disabled=&#8220;on&#8220;][et_pb_accordion_item title=&#8220;Technologie&#8220; open=&#8220;on&#8220;]<\/p>\n<p><span style=\"color: #000000;\">Praktick\u00e9 zku\u0161enosti s realizac\u00ed strop\u016f ze syst\u00e9mu Porotherm IV.<\/span><\/p>\n<p><span style=\"color: #000000;\">Modern\u00ed konstrukce z dusan\u00e9 hl\u00edny<\/span><\/p>\n<p><span style=\"color: #000000;\">Ocelov\u00fd most pro Amsterdam vyroben\u00fd technologi\u00ed 3D tisku<\/span><\/p>\n<p>\u00a0<\/p>\n<p>\u00a0<\/p>\n<p>[\/et_pb_accordion_item][et_pb_accordion_item title=&#8220;\u0160kody a poruchy&#8220; open=&#8220;off&#8220;]<\/p>\n<p><span style=\"color: #000000;\">\u0158e\u0161en\u00ed spor\u016f ve stavebnictv\u00ed s podporou expertn\u00ed kancel\u00e1\u0159e.<\/span><\/p>\n<p>[\/et_pb_accordion_item][et_pb_accordion_item title=&#8220;TZB&#8220; open=&#8220;off&#8220;]<\/p>\n<p>\u00a0<\/p>\n<p><span style=\"color: #000000;\">Poradna: Ptejte se specialist\u016f na in\u017een\u00fdrsk\u00e9 s\u00edt\u011b a zdravotn\u011b-technick\u00e9 instalace.<\/span><\/p>\n<p>[\/et_pb_accordion_item][et_pb_accordion_item title=&#8220;Normy&#8220; open=&#8220;off&#8220;]<\/p>\n<p><span style=\"color: #000000;\">Vila v Jevanech \u2013 HELUZ.<\/span><\/p>\n<p><span style=\"color: #000000;\">Kostel ve Vilanova de la Barca\u2013 WIENERBERGER.<\/span><\/p>\n<p><span style=\"color: #000000;\">Komunitn\u00ed d\u016fm senior\u016f Malonty \u2013 KM BETA.<\/span><\/p>\n<p><span style=\"color: #000000;\">Autosalon Jaguar Land Rover \u2013 KNAUF.<\/span><\/p>\n<p><span style=\"color: #000000;\">Multipor \u2013 XELLA.<\/span><\/p>\n<p><span style=\"color: #000000;\">Rekonstrukce a modernizace hotelu A&#038;O Rhea \u2013 KASTEN.<\/span><\/p>\n<p><span style=\"color: #000000;\">Ide\u00e1ln\u00ed piso\u00e1rov\u00fd syst\u00e9m do ka\u017ed\u00e9 situace \u2013 GEBERIT.<\/span><\/p>\n<p>[\/et_pb_accordion_item][\/et_pb_accordion][et_pb_text admin_label=&#8220;Technologie&#8220;]<\/p>\n<p><strong><span style=\"font-size: 14pt; color: #000000;\">Technologie<\/span><\/strong><\/p>\n<p><span style=\"font-size: 10pt; color: #000000;\">Praktick\u00e9 zku\u0161enosti s realizac\u00ed strop\u016f ze syst\u00e9mu Porotherm IV.<\/span><br \/>\n<span style=\"font-size: 10pt; color: #000000;\">Modern\u00ed konstrukce z dusan\u00e9 hl\u00edny<\/span><br \/>\n<span style=\"font-size: 10pt; color: #000000;\">Ocelov\u00fd most pro Amsterdam vyroben\u00fd technologi\u00ed 3D tisku<\/span><\/p>\n<p>[\/et_pb_text][et_pb_text admin_label=&#8220;\u0160kody a poruchy&#8220;]<\/p>\n<p><span style=\"color: #000000;\"><strong><span style=\"font-size: 14pt;\">\u0160kody a poruchy<\/span><\/strong><\/span><\/p>\n<p><span style=\"color: #000000; font-size: 10pt;\">\u0158e\u0161en\u00ed spor\u016f ve stavebnictv\u00ed s podporou expertn\u00ed kancel\u00e1\u0159e.<\/span><\/p>\n<p>[\/et_pb_text][et_pb_text admin_label=&#8220;TZB&#8220;]<\/p>\n<p><strong><span style=\"font-size: 14pt; color: #000000;\">TZB<\/span><\/strong><\/p>\n<p><span style=\"color: #000000; font-size: 10pt;\">Poradna: Ptejte se specialist\u016f na in\u017een\u00fdrsk\u00e9 s\u00edt\u011b a zdravotn\u011b-technick\u00e9 instalace.<\/span><\/p>\n<p>[\/et_pb_text][et_pb_text admin_label=&#8220;Normy&#8220;]<\/p>\n<p><strong><span style=\"font-size: 14pt; color: #000000;\">Normy<\/span><\/strong><\/p>\n<p><span style=\"color: #000000; font-size: 10pt;\">Vila v Jevanech \u2013 HELUZ.<\/span><br \/>\n<span style=\"color: #000000; font-size: 10pt;\">Kostel ve Vilanova de la Barca\u2013 WIENERBERGER.<\/span><br \/>\n<span style=\"color: #000000; font-size: 10pt;\">Komunitn\u00ed d\u016fm senior\u016f Malonty \u2013 KM BETA.<\/span><br \/>\n<span style=\"color: #000000; font-size: 10pt;\">Autosalon Jaguar Land Rover \u2013 KNAUF.<\/span><br \/>\n<span style=\"color: #000000; font-size: 10pt;\">Multipor \u2013 XELLA.<\/span><br \/>\n<span style=\"color: #000000; font-size: 10pt;\">Rekonstrukce a modernizace hotelu A&#038;O Rhea \u2013 KASTEN.<\/span><br \/>\n<span style=\"color: #000000; font-size: 10pt;\">Ide\u00e1ln\u00ed piso\u00e1rov\u00fd syst\u00e9m do ka\u017ed\u00e9 situace \u2013 GEBERIT.<\/span><\/p>\n<p>[\/et_pb_text][\/et_pb_column][\/et_pb_row][\/et_pb_section][et_pb_section fb_built=&#8220;1&#8243; admin_label=&#8220;Sekce&#8220; module_id=&#8220;contInzerty&#8220;][et_pb_row parallax_method_1=&#8220;off&#8220; admin_label=&#8220;\u0158\u00e1dek&#8220; module_id=&#8220;innerInzerty&#8220;][et_pb_column type=&#8220;4_4&#8243; parallax=&#8220;off&#8220; parallax_method=&#8220;off&#8220;][et_pb_text disabled_on=&#8220;on|on|on&#8220; admin_label=&#8220;Pro inzerenty&#8220; module_id=&#8220;nadpisInzerty&#8220; disabled=&#8220;on&#8220;]<\/p>\n<p style=\"text-align: right; font-size: 220%;\"><span style=\"color: #df1256;\">Pro inzerenty<\/span><\/p>\n<p>[\/et_pb_text][et_pb_text disabled_on=&#8220;on|on|on&#8220; admin_label=&#8220;Dokumenty&#8220; module_id=&#8220;dokumenty&#8220; disabled=&#8220;on&#8220;]<\/p>\n<p><i class=\"far fa-file-alt\"><\/i><span style=\"color: #ffffff;\"><a style=\"color: #ffffff;\" href=\"https:\/\/bmone.cz\/wp-content\/uploads\/2018\/12\/Test.docx\">V\u0161eobecn\u00e9 obchodn\u00ed podm\u00ednky vydavatelstv\u00ed BMOne<\/a><\/span><br \/>\n<i class=\"far fa-file-alt\"><\/i><span style=\"color: #ffffff;\"><a style=\"color: #ffffff;\" href=\"https:\/\/bmone.cz\/wp-content\/uploads\/2018\/12\/Test.docx\">V\u0161eobecn\u00e9 obchodn\u00ed podm\u00ednky vydavatelstv\u00ed BMOne<\/a><\/span><br \/>\n<i class=\"far fa-file-alt\"><\/i><span style=\"color: #ffffff;\"><a style=\"color: #ffffff;\" href=\"https:\/\/bmone.cz\/wp-content\/uploads\/2018\/12\/Test.docx\">V\u0161eobecn\u00e9 obchodn\u00ed podm\u00ednky vydavatelstv\u00ed BMOne<\/a><\/span><br \/>\n<i class=\"far fa-file-alt\"><\/i><span style=\"color: #ffffff;\"><a style=\"color: #ffffff;\" href=\"https:\/\/bmone.cz\/wp-content\/uploads\/2018\/12\/Test.docx\">V\u0161eobecn\u00e9 obchodn\u00ed podm\u00ednky vydavatelstv\u00ed BMOne<\/a><\/span><br \/>\n<i class=\"far fa-file-alt\"><\/i><span style=\"color: #ffffff;\"><a style=\"color: #ffffff;\" href=\"https:\/\/bmone.cz\/wp-content\/uploads\/2018\/12\/Test.docx\">V\u0161eobecn\u00e9 obchodn\u00ed podm\u00ednky vydavatelstv\u00ed BMOne<\/a><\/span><\/p>\n<p>[\/et_pb_text][et_pb_text admin_label=&#8220;Lidmila Burianov\u00e1&#8220; module_id=&#8220;sefredaktor&#8220;]<\/p>\n<p>\u0160\u00e9fredaktorka<\/p>\n<p>Lidmila Burianov\u00e1<\/p>\n<p>E-mail:\u00a0<a href=\"mailto:lidmila.burianova@bmone.cz\" target=\"_blank\" rel=\"noopener\">lidmila.burianova@bmone.cz<\/a><\/p>\n<p>[\/et_pb_text][et_pb_text admin_label=&#8220;Ji\u0159\u00ed Ladman&#8220; module_id=&#8220;vedouci&#8220;]<\/p>\n<p>Inzerce<\/p>\n<p><span style=\"color: #ffffff;\">Ji\u0159\u00ed Ladman<\/span><\/p>\n<p><span style=\"color: #ffffff;\">Mobil: +420 602 372 312<\/span><br \/>\n<span style=\"color: #ffffff;\">E-mail: <a href=\"mailto:jiri.ladman@bmone.cz\">jiri.ladman@bmone.cz<\/a><br \/>\n<\/span><\/p>\n<p>[\/et_pb_text][et_pb_text admin_label=&#8220;\u010d\u00e1ra&#8220; module_id=&#8220;cara&#8220;]<\/p>\n<hr \/>\n<p>[\/et_pb_text][et_pb_text disabled_on=&#8220;on|on|on&#8220; admin_label=&#8220;Text&#8220; module_id=&#8220;vernostni&#8220; disabled=&#8220;on&#8220;]<\/p>\n<h2 style=\"text-align: left;\"><strong>Vstup pro \u00fa\u010dastn\u00edky v\u011brnostn\u00edho programu<\/strong><\/h2>\n<p><span style=\"color: #ffffff;\">P\u0159edplatn\u00e9 a reklamace m\u016f\u017eete \u0159e\u0161it na telefonn\u00edm \u010d\u00edsle <strong>840 306 090<\/strong> nebo e-mailu predplatne@predplatne.cz.<\/span><\/p>\n<p>[\/et_pb_text][et_pb_text disabled_on=&#8220;on|on|on&#8220; admin_label=&#8220;star\u0161\u00ed \u010d\u00edsla&#8220; module_id=&#8220;oldCasopisy&#8220; disabled=&#8220;on&#8220;]<\/p>\n<p style=\"text-align: left;\">Uk\u00e1zky star\u0161\u00edch \u010d\u00edsel<\/p>\n<p>[\/et_pb_text][et_pb_text disabled_on=&#8220;on|on|on&#8220; admin_label=&#8220;\u010casopis 1&#8243; module_class=&#8220;casak&#8220; disabled=&#8220;on&#8220;]<\/p>\n<p><a href=\"https:\/\/www.bmczech.cz\/wp-content\/uploads\/2016\/06\/MAT_nahled1.pdf\"><img decoding=\"async\" src=\"https:\/\/www.bmczech.cz\/wp-content\/uploads\/2016\/06\/MAT_nahled1.jpg\" alt=\"casopis\" \/><\/a><\/p>\n<p>[\/et_pb_text][et_pb_text disabled_on=&#8220;on|on|on&#8220; admin_label=&#8220;\u010casopis 2&#8243; module_class=&#8220;casak&#8220; disabled=&#8220;on&#8220;]<\/p>\n<p><a href=\"https:\/\/www.bmczech.cz\/wp-content\/uploads\/2016\/06\/MAT_nahled2.pdf\"><img decoding=\"async\" src=\"https:\/\/www.bmczech.cz\/wp-content\/uploads\/2016\/06\/MAT_nahled2.jpg\" alt=\"casopis\" \/><\/a><\/p>\n<p>[\/et_pb_text][et_pb_text disabled_on=&#8220;on|on|on&#8220; admin_label=&#8220;\u010casopis 3&#8243; module_class=&#8220;casak&#8220; disabled=&#8220;on&#8220;]<\/p>\n<p><a href=\"https:\/\/www.bmczech.cz\/wp-content\/uploads\/2016\/06\/MAT_nahled3.pdf\"><img decoding=\"async\" src=\"https:\/\/www.bmczech.cz\/wp-content\/uploads\/2016\/06\/MAT_nahled3.jpg\" alt=\"casopis\" \/><\/a><\/p>\n<p>[\/et_pb_text][et_pb_text disabled_on=&#8220;on|on|on&#8220; admin_label=&#8220;Certifik\u00e1t&#8220; module_id=&#8220;btnCertifikat&#8220; disabled=&#8220;on&#8220;]<\/p>\n<p><i class=\"far fa-file-alt\"><\/i><span style=\"color: #ffffff;\"><a style=\"color: #ffffff;\" href=\"https:\/\/bmone.cz\/wp-content\/uploads\/2018\/12\/certifikat_STAVBA.pdf\">Darovac\u00ed certifik\u00e1t ke sta\u017een\u00ed<\/a><\/span><\/p>\n<p>[\/et_pb_text][\/et_pb_column][\/et_pb_row][et_pb_row admin_label=&#8220;\u0158\u00e1dek&#8220;][et_pb_column type=&#8220;4_4&#8243; parallax=&#8220;off&#8220; parallax_method=&#8220;on&#8220;][et_pb_text admin_label=&#8220;Pati\u010dka + GDPR&#8220; module_id=&#8220;paticka&#8220;]<\/p>\n<p style=\"text-align: center;\"><span style=\"color: #f2f2f2; font-size: 8pt;\">&copy; 2025 www.bmone.cz | Internetov&aacute; str&aacute;nka www.bmone.cz je v&yacute;hradn&iacute;m projektem spole\u010dnosti Business Media One, s.r.o.,<span>se s&iacute;dlem Klicperova 3208\/12, 15000 Praha 5, I\u010c 03589552.,&nbsp;<\/span> I\u010c 03589552.<\/span><\/p>\n<p><span style=\"color: #ffffff; font-size: 8pt;\"><a style=\"color: #f2f2f2;\" href=\"https:\/\/bmone.cz\/index.php\/osobni-udaje\/\">Ochrana soukrom&iacute;<\/a>&nbsp;|&nbsp;<a style=\"color: #ffffff;\" href=\"https:\/\/bmone.cz\/index.php\/vop\/\">V&scaron;eobecn&eacute; obchodn&iacute; podm&iacute;nky<\/a>&nbsp;|&nbsp;<a style=\"color: #ffffff;\" href=\"https:\/\/bmone.cz\/index.php\/placeny-obsah-mdkk\/\">Placen&yacute; obsah MDKK<\/a>&nbsp;|&nbsp;<a style=\"color: #ffffff;\" href=\"https:\/\/bmone.cz\/index.php\/placeny-obsah\/\">Poskytov&aacute;n&iacute; placen&eacute;ho obsahu<\/a>&nbsp;|&nbsp;<a style=\"color: #ffffff;\" href=\"https:\/\/bmone.cz\/index.php\/sluzby-spolecnosti\/\">Pou\u017e&iacute;v&aacute;n&iacute; slu\u017eeb spole\u010dnosti<\/a><\/span><\/p>\n<p>[\/et_pb_text][\/et_pb_column][\/et_pb_row][\/et_pb_section][et_pb_section fb_built=&#8220;1&#8243; parallax_1=&#8220;off&#8220; parallax_2=&#8220;off&#8220; parallax_3=&#8220;off&#8220; parallax_method_1=&#8220;off&#8220; parallax_method_2=&#8220;off&#8220; parallax_method_3=&#8220;off&#8220; disabled_on=&#8220;on|on|on&#8220; admin_label=&#8220;Obr\u00e1zek&#8220; disabled=&#8220;on&#8220; global_module=&#8220;545&#8243;][et_pb_row admin_label=&#8220;\u0158\u00e1dek&#8220;][et_pb_column type=&#8220;4_4&#8243; parallax=&#8220;off&#8220; parallax_method=&#8220;on&#8220;][et_pb_text disabled_on=&#8220;on|on|on&#8220; admin_label=&#8220;Text&#8220; disabled=&#8220;on&#8220;]<\/p>\n<p style=\"text-align: right; font-size: 220%;\"><span style=\"color: #df1256;\">Medi\u00e1ln\u00ed partne\u0159i<\/span><\/p>\n<p>[\/et_pb_text][\/et_pb_column][\/et_pb_row][et_pb_row parallax_method_1=&#8220;off&#8220; parallax_method_2=&#8220;off&#8220; parallax_method_3=&#8220;off&#8220; parallax_method_4=&#8220;off&#8220; disabled_on=&#8220;on|on|on&#8220; admin_label=&#8220;\u0158\u00e1dek&#8220; disabled=&#8220;on&#8220;][et_pb_column type=&#8220;1_4&#8243; parallax=&#8220;off&#8220; parallax_method=&#8220;off&#8220;][et_pb_image src=&#8220;https:\/\/bmone.cz\/wp-content\/uploads\/2018\/12\/MM.png&#8220; url=&#8220;https:\/\/www.mmczech.cz&#8220; url_new_window=&#8220;on&#8220; admin_label=&#8220;Obr\u00e1zek&#8220;][\/et_pb_image][\/et_pb_column][et_pb_column type=&#8220;1_4&#8243; parallax=&#8220;off&#8220; parallax_method=&#8220;off&#8220;][et_pb_image src=&#8220;https:\/\/bmone.cz\/wp-content\/uploads\/2018\/12\/SW.png&#8220; url=&#8220;http:\/\/stavbaweb.cz&#8220; url_new_window=&#8220;on&#8220; admin_label=&#8220;Obr\u00e1zek&#8220;][\/et_pb_image][\/et_pb_column][et_pb_column type=&#8220;1_4&#8243; parallax=&#8220;off&#8220; parallax_method=&#8220;off&#8220;][et_pb_image src=&#8220;https:\/\/bmone.cz\/wp-content\/uploads\/2018\/12\/IM.png&#8220; url=&#8220;http:\/\/imaterialy.cz&#8220; url_new_window=&#8220;on&#8220; admin_label=&#8220;Obr\u00e1zek&#8220;][\/et_pb_image][\/et_pb_column][et_pb_column type=&#8220;1_4&#8243; parallax=&#8220;off&#8220; parallax_method=&#8220;off&#8220;][et_pb_image src=&#8220;https:\/\/bmone.cz\/wp-content\/uploads\/2018\/12\/DB.png&#8220; url=&#8220;http:\/\/dumabyt.cz\/&#8220; url_new_window=&#8220;on&#8220; admin_label=&#8220;Obr\u00e1zek&#8220;][\/et_pb_image][\/et_pb_column][\/et_pb_row][\/et_pb_section]<\/p>\n","protected":false},"excerpt":{"rendered":"<p>[et_pb_section fb_built=&#8220;1&#8243; fullwidth=&#8220;on&#8220; admin_label=&#8220;Sekce&#8220;][et_pb_fullwidth_menu menu_id=&#8220;2&#8243; background_layout=&#8220;dark&#8220; text_orientation=&#8220;right&#8220; submenu_direction=&#8220;downwards&#8220; fullwidth_menu=&#8220;off&#8220; admin_label=&#8220;Tu\u010dn\u00e9 menu&#8220; module_id=&#8220;primaryMenu&#8220; global_module=&#8220;57&#8243; saved_tabs=&#8220;all&#8220;][\/et_pb_fullwidth_menu][\/et_pb_section][et_pb_section fb_built=&#8220;1&#8243; admin_label=&#8220;section&#8220; module_id=&#8220;contMainPage&#8220;][et_pb_row parallax_method_1=&#8220;off&#8220; admin_label=&#8220;row&#8220; module_id=&#8220;aktualityTextMD&#8220; module_class=&#8220;nadpiSekce&#8220;][et_pb_column type=&#8220;4_4&#8243; parallax=&#8220;off&#8220; parallax_method=&#8220;off&#8220;][et_pb_text admin_label=&#8220;Na\u0161e projekty&#8220;] Na\u0161e projekty [\/et_pb_text][et_pb_text disabled_on=&#8220;||on&#8220; admin_label=&#8220;Logo&#8220; module_id=&#8220;logoMDPage&#8220;] [\/et_pb_text][et_pb_text admin_label=&#8220;Nadpis&#8220; module_id=&#8220;aktualityTextMDInner&#8220; module_class=&#8220;nadpisSekce&#8220;] Materi\u00e1ly pro stavbu [\/et_pb_text][\/et_pb_column][\/et_pb_row][\/et_pb_section][et_pb_section fb_built=&#8220;1&#8243; admin_label=&#8220;Sekce&#8220; module_id=&#8220;contMDPage&#8220;][et_pb_row parallax_method_1=&#8220;off&#8220; parallax_method_2=&#8220;off&#8220; admin_label=&#8220;\u0158\u00e1dek&#8220; module_id=&#8220;innerMDPage&#8220;][et_pb_column type=&#8220;1_2&#8243; parallax=&#8220;off&#8220; parallax_method=&#8220;off&#8220;][et_pb_image src=&#8220;https:\/\/bmone.cz\/wp-content\/uploads\/2025\/07\/materialyprostavbu.jpg&#8220; admin_label=&#8220;Obr\u00e1zek&#8220; module_id=&#8220;casopisMDPage&#8220;][\/et_pb_image][\/et_pb_column][et_pb_column type=&#8220;1_2&#8243; parallax=&#8220;off&#8220; [&hellip;]<\/p>\n","protected":false},"author":1,"featured_media":0,"parent":262,"menu_order":0,"comment_status":"closed","ping_status":"closed","template":"","meta":{"footnotes":""},"class_list":["post-266","page","type-page","status-publish","hentry"],"_links":{"self":[{"href":"https:\/\/bmone.cz\/index.php\/wp-json\/wp\/v2\/pages\/266","targetHints":{"allow":["GET"]}}],"collection":[{"href":"https:\/\/bmone.cz\/index.php\/wp-json\/wp\/v2\/pages"}],"about":[{"href":"https:\/\/bmone.cz\/index.php\/wp-json\/wp\/v2\/types\/page"}],"author":[{"embeddable":true,"href":"https:\/\/bmone.cz\/index.php\/wp-json\/wp\/v2\/users\/1"}],"replies":[{"embeddable":true,"href":"https:\/\/bmone.cz\/index.php\/wp-json\/wp\/v2\/comments?post=266"}],"version-history":[{"count":63,"href":"https:\/\/bmone.cz\/index.php\/wp-json\/wp\/v2\/pages\/266\/revisions"}],"predecessor-version":[{"id":2306,"href":"https:\/\/bmone.cz\/index.php\/wp-json\/wp\/v2\/pages\/266\/revisions\/2306"}],"up":[{"embeddable":true,"href":"https:\/\/bmone.cz\/index.php\/wp-json\/wp\/v2\/pages\/262"}],"wp:attachment":[{"href":"https:\/\/bmone.cz\/index.php\/wp-json\/wp\/v2\/media?parent=266"}],"curies":[{"name":"wp","href":"https:\/\/api.w.org\/{rel}","templated":true}]}}